{"id":26,"date":"2014-08-29T17:05:15","date_gmt":"2014-08-29T17:05:15","guid":{"rendered":"http:\/\/hotelsantoandre.com\/?page_id=26"},"modified":"2014-10-16T09:51:34","modified_gmt":"2014-10-16T09:51:34","slug":"testimonials","status":"publish","type":"page","link":"https:\/\/hotelsantoandre.com\/?page_id=26","title":{"rendered":"Testimonials"},"content":{"rendered":"<p><strong>Fernando Marques<\/strong><br \/>\nLocal magn\u00edfico, mesmo junto \u00e0 praia. A piscina \u00e9 encantadora e com imenso espa\u00e7o. Gastronomia variada, bem elaborada e servida com requinte e simpatia.<br \/>\n<em>Sexta-feira, 10 de Setembro de 2010 \u2013 23:43:13<\/em><\/p>\n<p><strong>Paulo Braga<\/strong><br \/>\nSitio preveligiado, hotel simpatico,precos razoaveis, optimo o solario novo sobre a praia<br \/>\n<em>Domingo, 04 de Setembro de 2011 \u2013 14:23:24<\/em><\/p>\n<p><strong>Neca Campos<\/strong><br \/>\nConhe\u00e7o muito bem o v\/ hotel desde +-1986, pois desde muito miudo passo f\u00e9rias nessa praia maravilhosa que \u00e9 a Agu\u00e7adoura, felicidades e tudo de bom<br \/>\n<em>Quarta-feira, 24 de Outubro de 2012 \u2013 16:30:42<\/em><\/p>\n<p><strong>Jo\u00e3o Quintas<\/strong><br \/>\nPessoal, incluindo a Dire\u00e7\u00e3o, extremamente simp\u00e1ticos, que sabem receber. Bem<br \/>\nhajam!<br \/>\n<em>S\u00e1bado, 04 de Janeiro de 2014 \u2013 15:40:19<\/em><\/p>\n<p><strong>Isabel Sousa Pires<\/strong><br \/>\nAdoro essa Estalagem (desde 1985) por v\u00e1rios motivos: \u00f3ptima localiza\u00e7\u00e3o, pessoal simp\u00e1tico e eficiente (principalmente os \u201cresidentes\u201d), pre\u00e7os acessiv\u00e9is, piscina boa, mar ao p\u00e9, quartos razo\u00e1veis, refei\u00e7\u00f5es bem confeccionadas e servidas com toda a simpatia, a m\u00fasica do sr. M\u00e1rio ao jantar e a simpatia do sr. Carlos. Boa sorte para todos e a\u00ed voltarei brevemente.<br \/>\n<em>Quarta-feira, 16 de Janeiro de 2013 \u2013 16:56:05<\/em><\/p>\n","protected":false},"excerpt":{"rendered":"<p>Fernando Marques Local magn\u00edfico, mesmo junto \u00e0 praia. A piscina \u00e9 encantadora e com imenso espa\u00e7o. Gastronomia variada, bem elaborada e servida com requinte e simpatia. Sexta-feira, 10 de Setembro de 2010 \u2013 23:43:13 Paulo Braga Sitio preveligiado, hotel simpatico,precos razoaveis, optimo o solario novo sobre a praia Domingo, 04 de Setembro de 2011 \u2013<\/p>\n","protected":false},"author":1,"featured_media":0,"parent":0,"menu_order":0,"comment_status":"closed","ping_status":"closed","template":"page-templates\/template-right-sidebar.php","meta":[],"_links":{"self":[{"href":"https:\/\/hotelsantoandre.com\/index.php?rest_route=\/wp\/v2\/pages\/26"}],"collection":[{"href":"https:\/\/hotelsantoandre.com\/index.php?rest_route=\/wp\/v2\/pages"}],"about":[{"href":"https:\/\/hotelsantoandre.com\/index.php?rest_route=\/wp\/v2\/types\/page"}],"author":[{"embeddable":true,"href":"https:\/\/hotelsantoandre.com\/index.php?rest_route=\/wp\/v2\/users\/1"}],"replies":[{"embeddable":true,"href":"https:\/\/hotelsantoandre.com\/index.php?rest_route=%2Fwp%2Fv2%2Fcomments&post=26"}],"version-history":[{"count":3,"href":"https:\/\/hotelsantoandre.com\/index.php?rest_route=\/wp\/v2\/pages\/26\/revisions"}],"predecessor-version":[{"id":138,"href":"https:\/\/hotelsantoandre.com\/index.php?rest_route=\/wp\/v2\/pages\/26\/revisions\/138"}],"wp:attachment":[{"href":"https:\/\/hotelsantoandre.com\/index.php?rest_route=%2Fwp%2Fv2%2Fmedia&parent=26"}],"curies":[{"name":"wp","href":"https:\/\/api.w.org\/{rel}","templated":true}]}}